{"id":3896,"date":"2013-08-07T07:39:04","date_gmt":"2013-08-07T07:39:04","guid":{"rendered":"http:\/\/themes.goodlayers2.com\/packagetour\/?page_id=3896"},"modified":"2025-08-21T19:28:16","modified_gmt":"2025-08-21T19:28:16","slug":"homepage","status":"publish","type":"page","link":"https:\/\/ed-bussresor.se\/","title":{"rendered":"homepage"},"content":{"rendered":"\n\t<section class=\"section\" id=\"section_1242662815\">\n\t\t<div class=\"bg section-bg fill bg-fill  bg-loaded\" >\n\n\t\t\t\n\t\t\t\n\t\t\t\n\n\t\t<\/div>\n\n\t\t\n\n\t\t<div class=\"section-content relative\">\n\t\t\t\n\n<div class=\"row row-collapse row-full-width align-center\"  id=\"row-613263719\">\n\n\n\t<div id=\"col-1992873925\" class=\"col small-12 large-12\"  >\n\t\t\t\t<div class=\"col-inner\"  >\n\t\t\t\n\t\t\t\n\n<div class=\"slider-wrapper relative\" id=\"slider-1692998099\" >\n    <div class=\"slider slider-nav-circle slider-nav-large slider-nav-light slider-style-normal\"\n        data-flickity-options='{\n            \"cellAlign\": \"center\",\n            \"imagesLoaded\": true,\n            \"lazyLoad\": 1,\n            \"freeScroll\": false,\n            \"wrapAround\": true,\n            \"autoPlay\": 6000,\n            \"pauseAutoPlayOnHover\" : true,\n            \"prevNextButtons\": true,\n            \"contain\" : true,\n            \"adaptiveHeight\" : true,\n            \"dragThreshold\" : 10,\n            \"percentPosition\": true,\n            \"pageDots\": true,\n            \"rightToLeft\": false,\n            \"draggable\": true,\n            \"selectedAttraction\": 0.1,\n            \"parallax\" : 0,\n            \"friction\": 0.6        }'\n        >\n        \n\n\n  <div class=\"banner has-hover\" id=\"banner-1743011313\">\n          <div class=\"banner-inner fill\">\n        <div class=\"banner-bg fill\" >\n            <div class=\"bg fill bg-fill \"><\/div>\n                                    \n                    <\/div>\n\t\t\n        <div class=\"banner-layers container\">\n            <div class=\"fill banner-link\"><\/div>            \n\n   <div id=\"text-box-132694028\" class=\"text-box banner-layer x50 md-x50 lg-x50 y50 md-y50 lg-y50 res-text\">\n                                <div class=\"text-box-content text dark\">\n              \n              <div class=\"text-inner text-center\">\n                  \n\n<h2 class=\"uppercase\"><strong>V\u00e4lkommen ombord!<\/strong><\/h2>\n\n              <\/div>\n           <\/div>\n                            \n<style>\n#text-box-132694028 {\n  width: 60%;\n}\n#text-box-132694028 .text-box-content {\n  font-size: 100%;\n}\n<\/style>\n    <\/div>\n \n\n        <\/div>\n      <\/div>\n\n            \n<style>\n#banner-1743011313 {\n  padding-top: 500px;\n}\n#banner-1743011313 .bg.bg-loaded {\n  background-image: url(https:\/\/ed-bussresor.se\/wp-content\/uploads\/2019\/10\/buss111.jpg);\n}\n#banner-1743011313 .ux-shape-divider--top svg {\n  height: 150px;\n  --divider-top-width: 100%;\n}\n#banner-1743011313 .ux-shape-divider--bottom svg {\n  height: 150px;\n  --divider-width: 100%;\n}\n<\/style>\n  <\/div>\n\n\n\n     <\/div>\n\n     <div class=\"loading-spin dark large centered\"><\/div>\n\n     \t<\/div>\n\n\n<div class=\"is-divider divider clearfix\" ><\/div>\n\n\n\t\t<\/div>\n\t\t\t\t\t<\/div>\n\n\t\n\n<\/div>\n\n\t\t<\/div>\n\n\t\t\n<style>\n#section_1242662815 {\n  padding-top: 0px;\n  padding-bottom: 0px;\n}\n#section_1242662815 .ux-shape-divider--top svg {\n  height: 150px;\n  --divider-top-width: 100%;\n}\n#section_1242662815 .ux-shape-divider--bottom svg {\n  height: 150px;\n  --divider-width: 100%;\n}\n<\/style>\n\t<\/section>\n\t\n\t<div id=\"gap-589082092\" class=\"gap-element clearfix\" style=\"display:block; height:auto;\">\n\t\t\n<style>\n#gap-589082092 {\n  padding-top: 30px;\n}\n<\/style>\n\t<\/div>\n\t\n\n<div class=\"row\"  id=\"row-712273086\">\n\n\n\t<div id=\"col-751568619\" class=\"col medium-6 small-12 large-6\"  >\n\t\t\t\t<div class=\"col-inner\"  >\n\t\t\t\n\t\t\t\n\n<div class=\"container section-title-container\" ><h3 class=\"section-title section-title-normal\"><b><\/b><span class=\"section-title-main\" >SHOPPINGRESOR<\/span><b><\/b><\/h3><\/div>\n\n<p><strong>Gek\u00e5s Ullared<\/strong> \u00e4r ett h\u00e4rligt shoppingparadis f\u00f6r alla som&nbsp;\u00e4lskar att handla&nbsp;fyndsmart. H\u00e4r hittar du&nbsp;\u00f6ver 100 000 olika produkter med alltifr\u00e5n leksaker till hygienartiklar, blommor, elektronikprylar, lampor, mattor, kl\u00e4der, babyartiklar, heminredning, livsmedel, b\u00f6cker, verktyg till sport, fritid och mycket mer. Ja, kort sagt allt till hemmet som f\u00e5r plats i en bil!<\/p>\n<p>F\u00f6rutom shopping finns det&nbsp;fyra restauranger, amningsrum, sk\u00f6trum, en fris\u00f6rsalong,&nbsp;lekland, barnvagnsparkering, filmrum,&nbsp;provrum, kundvagnsparkering och flera \u00f6vernattnigsm\u00f6jligheter&nbsp;f\u00f6r att g\u00f6ra din&nbsp;shoppingupplevelse till den allra b\u00e4sta!<\/p>\n\n\t\t<\/div>\n\t\t\t\t\t<\/div>\n\n\t\n\n\t<div id=\"col-364601261\" class=\"col medium-6 small-12 large-6\"  >\n\t\t\t\t<div class=\"col-inner\"  >\n\t\t\t\n\t\t\t\n\n\t<div class=\"img has-hover x md-x lg-x y md-y lg-y\" id=\"image_1638841902\">\n\t\t\t\t\t\t\t\t<div class=\"img-inner image-cover dark\" style=\"padding-top:100%;\">\n\t\t\t<img loading=\"lazy\" decoding=\"async\" width=\"1200\" height=\"700\" src=\"https:\/\/ed-bussresor.se\/wp-content\/uploads\/2019\/10\/phd-slider-1-1200x700-1.jpg\" class=\"attachment-original size-original\" alt=\"\" srcset=\"https:\/\/ed-bussresor.se\/wp-content\/uploads\/2019\/10\/phd-slider-1-1200x700-1.jpg 1200w, https:\/\/ed-bussresor.se\/wp-content\/uploads\/2019\/10\/phd-slider-1-1200x700-1-500x292.jpg 500w, https:\/\/ed-bussresor.se\/wp-content\/uploads\/2019\/10\/phd-slider-1-1200x700-1-300x175.jpg 300w, https:\/\/ed-bussresor.se\/wp-content\/uploads\/2019\/10\/phd-slider-1-1200x700-1-1024x597.jpg 1024w, https:\/\/ed-bussresor.se\/wp-content\/uploads\/2019\/10\/phd-slider-1-1200x700-1-768x448.jpg 768w\" sizes=\"auto, (max-width: 1200px) 100vw, 1200px\" \/>\t\t\t\t\t\t\n\t\t\t\t\t<\/div>\n\t\t\t\t\t\t\t\t\n<style>\n#image_1638841902 {\n  width: 100%;\n}\n<\/style>\n\t<\/div>\n\t\n\n\n\t\t<\/div>\n\t\t\t\t\t<\/div>\n\n\t\n\n<\/div>\n<div class=\"row\"  id=\"row-1112397403\">\n\n\n\t<div id=\"col-1903709213\" class=\"col medium-6 small-12 large-6\"  >\n\t\t\t\t<div class=\"col-inner\"  >\n\t\t\t\n\t\t\t\n\n\t<div class=\"img has-hover x md-x lg-x y md-y lg-y\" id=\"image_223534926\">\n\t\t\t\t\t\t\t\t<div class=\"img-inner image-cover dark\" style=\"padding-top:100%;\">\n\t\t\t<img loading=\"lazy\" decoding=\"async\" width=\"960\" height=\"720\" src=\"https:\/\/ed-bussresor.se\/wp-content\/uploads\/2018\/10\/37188687_884153165120825_9123885411570024448_n.jpg\" class=\"attachment-large size-large\" alt=\"\" srcset=\"https:\/\/ed-bussresor.se\/wp-content\/uploads\/2018\/10\/37188687_884153165120825_9123885411570024448_n.jpg 960w, https:\/\/ed-bussresor.se\/wp-content\/uploads\/2018\/10\/37188687_884153165120825_9123885411570024448_n-500x375.jpg 500w, https:\/\/ed-bussresor.se\/wp-content\/uploads\/2018\/10\/37188687_884153165120825_9123885411570024448_n-300x225.jpg 300w, https:\/\/ed-bussresor.se\/wp-content\/uploads\/2018\/10\/37188687_884153165120825_9123885411570024448_n-768x576.jpg 768w\" sizes=\"auto, (max-width: 960px) 100vw, 960px\" \/>\t\t\t\t\t\t\n\t\t\t\t\t<\/div>\n\t\t\t\t\t\t\t\t\n<style>\n#image_223534926 {\n  width: 100%;\n}\n<\/style>\n\t<\/div>\n\t\n\n\n\t\t<\/div>\n\t\t\t\t\t<\/div>\n\n\t\n\n\t<div id=\"col-1599824669\" class=\"col medium-6 small-12 large-6\"  >\n\t\t\t\t<div class=\"col-inner\"  >\n\t\t\t\n\t\t\t\n\n<div class=\"container section-title-container\" ><h3 class=\"section-title section-title-normal\"><b><\/b><span class=\"section-title-main\" >Event och fest<\/span><b><\/b><\/h3><\/div>\n\n<p>Beh\u00f6ver ni transport till och fr\u00e5n br\u00f6llopsfesten?<\/p>\n<p>Eller samordnar ni ett stort f\u00f6retagsevent och beh\u00f6ver koordinerade transporter? Vi l\u00f6ser uppdraget!<br \/>Oavsett vilken typ av festligare tillst\u00e4llning det r\u00f6r sig om \u00e4r det givetvis viktigt med tillf\u00f6rlitlig transport \u2013 allt f\u00f6r att h\u00e5lla g\u00e4sterna n\u00f6jda och bel\u00e5tna. Genom v\u00e5r stora engagemang och kapacitet kan vi l\u00f6sa uppdrag \u00e4ven med mycket stora eventen.&nbsp;<\/p>\n<p>Kontakta oss s\u00e5 ber\u00e4ttar vi mer!<\/p>\n\n\t\t<\/div>\n\t\t\t\t\t<\/div>\n\n\t\n\n<\/div>\n<div class=\"row\"  id=\"row-2038241382\">\n\n\n\t<div id=\"col-1799060782\" class=\"col medium-6 small-12 large-6\"  >\n\t\t\t\t<div class=\"col-inner\"  >\n\t\t\t\n\t\t\t\n\n<div class=\"container section-title-container\" ><h3 class=\"section-title section-title-normal\"><b><\/b><span class=\"section-title-main\" >F\u00f6reningsresor<\/span><b><\/b><\/h3><\/div>\n\n<p>Vi har stor erfarenhet av att utf\u00f6ra f\u00f6reningsresor. \u00c4r ni en idrottsf\u00f6rening, studentk\u00e5r eller annan ideell f\u00f6rening som \u00e4r i behov av transport?&nbsp; Vi hj\u00e4lper g\u00e4rna till med planeringen av resan om den innefattar flera olika stopp och sev\u00e4rdheter. Vi erbjuder moderna bussar med h\u00f6g komfort och mycket utrymme.&nbsp; Surfa via v\u00e5r gratis WIFI, spela musik eller koppla in laptop i bussens eluttag.<\/p>\n<p>\u00c4r ni ett lag eller en f\u00f6rening med behov av resor som str\u00e4cker sig \u00f6ver en idrotts\u00e4song? Ni \u00e4r d\u00e5 v\u00e4lkomna att kontakta oss att hj\u00e4lpa er med det. De kan tillsammans med er sammanst\u00e4lla en st\u00f6rre offert av era resor och se \u00f6ver m\u00f6jligheten till ett marknadssamarbete.<\/p>\n\n\t\t<\/div>\n\t\t\t\t\t<\/div>\n\n\t\n\n\t<div id=\"col-690266405\" class=\"col medium-6 small-12 large-6\"  >\n\t\t\t\t<div class=\"col-inner\"  >\n\t\t\t\n\t\t\t\n\n\t<div class=\"img has-hover x md-x lg-x y md-y lg-y\" id=\"image_1850313572\">\n\t\t\t\t\t\t\t\t<div class=\"img-inner image-cover dark\" style=\"padding-top:100%;\">\n\t\t\t<img loading=\"lazy\" decoding=\"async\" width=\"1020\" height=\"765\" src=\"https:\/\/ed-bussresor.se\/wp-content\/uploads\/2019\/10\/IMG-0747-1024x768.jpg\" class=\"attachment-large size-large\" alt=\"\" srcset=\"https:\/\/ed-bussresor.se\/wp-content\/uploads\/2019\/10\/IMG-0747-1024x768.jpg 1024w, https:\/\/ed-bussresor.se\/wp-content\/uploads\/2019\/10\/IMG-0747-500x375.jpg 500w, https:\/\/ed-bussresor.se\/wp-content\/uploads\/2019\/10\/IMG-0747-300x225.jpg 300w, https:\/\/ed-bussresor.se\/wp-content\/uploads\/2019\/10\/IMG-0747-768x576.jpg 768w, https:\/\/ed-bussresor.se\/wp-content\/uploads\/2019\/10\/IMG-0747-1536x1152.jpg 1536w, https:\/\/ed-bussresor.se\/wp-content\/uploads\/2019\/10\/IMG-0747.jpg 1600w\" sizes=\"auto, (max-width: 1020px) 100vw, 1020px\" \/>\t\t\t\t\t\t\n\t\t\t\t\t<\/div>\n\t\t\t\t\t\t\t\t\n<style>\n#image_1850313572 {\n  width: 100%;\n}\n<\/style>\n\t<\/div>\n\t\n\n\n\t\t<\/div>\n\t\t\t\t\t<\/div>\n\n\t\n\n<\/div>\n\t<div id=\"gap-1239782945\" class=\"gap-element clearfix\" style=\"display:block; height:auto;\">\n\t\t\n<style>\n#gap-1239782945 {\n  padding-top: 30px;\n}\n<\/style>\n\t<\/div>\n\t\n\n<div class=\"row\"  id=\"row-959403882\">\n\n\n\t<div id=\"col-463759912\" class=\"col medium-6 small-12 large-6\"  >\n\t\t\t\t<div class=\"col-inner\"  >\n\t\t\t\n\t\t\t\n\n\t<div class=\"img has-hover x md-x lg-x y md-y lg-y\" id=\"image_1948918696\">\n\t\t\t\t\t\t\t\t<div class=\"img-inner image-cover dark\" style=\"padding-top:100%;\">\n\t\t\t<img loading=\"lazy\" decoding=\"async\" width=\"800\" height=\"600\" src=\"https:\/\/ed-bussresor.se\/wp-content\/uploads\/2019\/10\/22222.jpg\" class=\"attachment-large size-large\" alt=\"\" srcset=\"https:\/\/ed-bussresor.se\/wp-content\/uploads\/2019\/10\/22222.jpg 800w, https:\/\/ed-bussresor.se\/wp-content\/uploads\/2019\/10\/22222-500x375.jpg 500w, https:\/\/ed-bussresor.se\/wp-content\/uploads\/2019\/10\/22222-300x225.jpg 300w, https:\/\/ed-bussresor.se\/wp-content\/uploads\/2019\/10\/22222-768x576.jpg 768w\" sizes=\"auto, (max-width: 800px) 100vw, 800px\" \/>\t\t\t\t\t\t\n\t\t\t\t\t<\/div>\n\t\t\t\t\t\t\t\t\n<style>\n#image_1948918696 {\n  width: 100%;\n}\n<\/style>\n\t<\/div>\n\t\n\n\n\t\t<\/div>\n\t\t\t\t\t<\/div>\n\n\t\n\n\t<div id=\"col-148442844\" class=\"col medium-6 small-12 large-6\"  >\n\t\t\t\t<div class=\"col-inner\"  >\n\t\t\t\n\t\t\t\n\n<div class=\"container section-title-container\" ><h3 class=\"section-title section-title-normal\"><b><\/b><span class=\"section-title-main\" >SKOLRESOR<\/span><b><\/b><\/h3><\/div>\n\n<p><strong>Skolresa<\/strong> \u00e4r en lite l\u00e4ngre utflykt med elever och l\u00e4rare p\u00e5 en skola. Oftast tar resan minst hela skoldagen. Om enbart en skolklass \u00e5ker kallas resan f\u00f6r <strong>klassresa<\/strong>. En skolresa ska ha ett utbildningssyfte. De flesta skolresor genomf\u00f6rs strax f\u00f6re sommarlovet.&nbsp;<\/p>\n<p>Klassresa med \u00f6vernattning eller studiebes\u00f6k \u00f6ver dagen?<\/p>\n<p>N\u00e4r man transporterar barn och ungdomar blir s\u00e4kerheten om m\u00f6jligt \u00e4nnu viktigare.D\u00e4rf\u00f6r uppfyller v\u00e5ra bussar marknadens h\u00f6gsta s\u00e4kerhetskrav och \u00e4r utrustade med trepunktsb\u00e4lten och alkol\u00e5s. V\u00e5ra f\u00f6rare utbildas ocks\u00e5 kontinuerligt i b\u00e5de milj\u00f6v\u00e4nlig och s\u00e4ker k\u00f6rning.<\/p>\n<p>&nbsp;Titta bland v\u00e5ra olika busstyper f\u00f6r att se vilken buss som skulle passa er klass b\u00e4st!<\/p>\n\n\t\t<\/div>\n\t\t\t\t\t<\/div>\n\n\t\n\n<\/div>\n<div class=\"row\"  id=\"row-68199621\">\n\n\n\t<div id=\"col-712386998\" class=\"col medium-8 small-12 large-8\"  >\n\t\t\t\t<div class=\"col-inner\"  >\n\t\t\t\n\t\t\t\n\n<div class=\"container section-title-container\" ><h3 class=\"section-title section-title-normal\"><b><\/b><span class=\"section-title-main\" >S\u00f6k bidrag till skolresan<\/span><b><\/b><\/h3><\/div>\n\n<p><strong>H\u00e4r kan du se en lista \u00f6ver fonder, stiftelser med mera d\u00e4r ni kan s\u00f6ka ett bidrag till skolresan.<\/strong><\/p>\n\n\t\t<\/div>\n\t\t\t\t\t<\/div>\n\n\t\n\n\t<div id=\"col-1937215713\" class=\"col medium-3 small-12 large-3\"  >\n\t\t\t\t<div class=\"col-inner\"  >\n\t\t\t\n\t\t\t\n\n<a rel=\"noopener noreferrer\" href=\"https:\/\/www.skolresor.org\/lankarovrig-info\/sok-bidrag-till-resan\/\" target=\"_blank\" class=\"button primary\"  >\n    <span>SKOLRESOR.org<\/span>\n  <\/a>\n\n\n\n\t\t<\/div>\n\t\t\t\t\t<\/div>\n\n\t\n\n<\/div>\n<div class=\"row\"  id=\"row-2036717165\">\n\n\n\t<div id=\"col-1832981140\" class=\"col small-12 large-12\"  >\n\t\t\t\t<div class=\"col-inner\"  >\n\t\t\t\n\t\t\t\n\n<p>ED BUSSRESOR \u00e4r ett bussf\u00f6retag i Sk\u00e5ne som f\u00f6rfogar \u00f6ver bussar med kapacitet fr\u00e5n 9 till 57 passagerare. Givetvis \u00e4r v\u00e5ra bussar milj\u00f6certifierade och drivs med milj\u00f6diesel. V\u00e5rt senaste tillskott i bussflottan drivs av HVO och \u00e4r en fossilfri diesel, vilket \u00e4r ett milj\u00f6v\u00e4nligare alternativ. De k\u00f6rs alltid av trevliga och erfarna chauff\u00f6rer. Vi k\u00f6r bussar \u00e5t f\u00f6retag, skolor, f\u00f6reningar och privatpersoner som vill g\u00f6ra utflykter, evenemang- eller turistresor. Kontakta oss, vi l\u00f6ser din transport!<\/p>\n\n\t\t<\/div>\n\t\t\t\t\t<\/div>\n\n\t\n\n<\/div>\n\n","protected":false},"excerpt":{"rendered":"","protected":false},"author":3,"featured_media":0,"parent":0,"menu_order":0,"comment_status":"closed","ping_status":"closed","template":"page-blank.php","meta":{"footnotes":""},"class_list":["post-3896","page","type-page","status-publish","hentry"],"_links":{"self":[{"href":"https:\/\/ed-bussresor.se\/index.php?rest_route=\/wp\/v2\/pages\/3896","targetHints":{"allow":["GET"]}}],"collection":[{"href":"https:\/\/ed-bussresor.se\/index.php?rest_route=\/wp\/v2\/pages"}],"about":[{"href":"https:\/\/ed-bussresor.se\/index.php?rest_route=\/wp\/v2\/types\/page"}],"author":[{"embeddable":true,"href":"https:\/\/ed-bussresor.se\/index.php?rest_route=\/wp\/v2\/users\/3"}],"replies":[{"embeddable":true,"href":"https:\/\/ed-bussresor.se\/index.php?rest_route=%2Fwp%2Fv2%2Fcomments&post=3896"}],"version-history":[{"count":4,"href":"https:\/\/ed-bussresor.se\/index.php?rest_route=\/wp\/v2\/pages\/3896\/revisions"}],"predecessor-version":[{"id":5567,"href":"https:\/\/ed-bussresor.se\/index.php?rest_route=\/wp\/v2\/pages\/3896\/revisions\/5567"}],"wp:attachment":[{"href":"https:\/\/ed-bussresor.se\/index.php?rest_route=%2Fwp%2Fv2%2Fmedia&parent=3896"}],"curies":[{"name":"wp","href":"https:\/\/api.w.org\/{rel}","templated":true}]}}