{"id":100,"date":"2012-01-03T18:15:53","date_gmt":"2012-01-03T18:15:53","guid":{"rendered":"http:\/\/localhost\/modernize\/?page_id=100"},"modified":"2020-05-15T05:13:12","modified_gmt":"2020-05-15T05:13:12","slug":"kontakta-oss","status":"publish","type":"page","link":"https:\/\/ed-bussresor.se\/?page_id=100","title":{"rendered":"Kontakta oss"},"content":{"rendered":"\n\t<section class=\"section\" id=\"section_332863883\">\n\t\t<div class=\"bg section-bg fill bg-fill  bg-loaded\" >\n\n\t\t\t\n\t\t\t\n\t\t\t\n\n\t\t<\/div>\n\n\t\t\n\n\t\t<div class=\"section-content relative\">\n\t\t\t\n\n<div class=\"row row-collapse row-full-width align-center\"  id=\"row-1637566944\">\n\n\n\t<div id=\"col-1129854647\" class=\"col small-12 large-12\"  >\n\t\t\t\t<div class=\"col-inner\"  >\n\t\t\t\n\t\t\t\n\n<div class=\"slider-wrapper relative\" id=\"slider-586856525\" >\n    <div class=\"slider slider-nav-circle slider-nav-large slider-nav-light slider-style-normal\"\n        data-flickity-options='{\n            \"cellAlign\": \"center\",\n            \"imagesLoaded\": true,\n            \"lazyLoad\": 1,\n            \"freeScroll\": false,\n            \"wrapAround\": true,\n            \"autoPlay\": 6000,\n            \"pauseAutoPlayOnHover\" : true,\n            \"prevNextButtons\": true,\n            \"contain\" : true,\n            \"adaptiveHeight\" : true,\n            \"dragThreshold\" : 10,\n            \"percentPosition\": true,\n            \"pageDots\": true,\n            \"rightToLeft\": false,\n            \"draggable\": true,\n            \"selectedAttraction\": 0.1,\n            \"parallax\" : 0,\n            \"friction\": 0.6        }'\n        >\n        \n\n\n  <div class=\"banner has-hover\" id=\"banner-310493882\">\n          <div class=\"banner-inner fill\">\n        <div class=\"banner-bg fill\" >\n            <div class=\"bg fill bg-fill \"><\/div>\n                                    \n                    <\/div>\n\t\t\n        <div class=\"banner-layers container\">\n            <div class=\"fill banner-link\"><\/div>            \n\n   <div id=\"text-box-991556670\" class=\"text-box banner-layer x50 md-x50 lg-x50 y50 md-y50 lg-y50 res-text\">\n                                <div class=\"text-box-content text dark\">\n              \n              <div class=\"text-inner text-center\">\n                  \n\n<h2 class=\"uppercase\"><strong>V\u00e4lkommen ombord!<\/strong><\/h2>\n\n              <\/div>\n           <\/div>\n                            \n<style>\n#text-box-991556670 {\n  width: 60%;\n}\n#text-box-991556670 .text-box-content {\n  font-size: 100%;\n}\n<\/style>\n    <\/div>\n \n\n        <\/div>\n      <\/div>\n\n            \n<style>\n#banner-310493882 {\n  padding-top: 500px;\n}\n#banner-310493882 .bg.bg-loaded {\n  background-image: url(https:\/\/ed-bussresor.se\/wp-content\/uploads\/2019\/10\/Stortorget_lund_080508.jpg);\n}\n#banner-310493882 .bg {\n  background-position: 57% 37%;\n}\n#banner-310493882 .ux-shape-divider--top svg {\n  height: 150px;\n  --divider-top-width: 100%;\n}\n#banner-310493882 .ux-shape-divider--bottom svg {\n  height: 150px;\n  --divider-width: 100%;\n}\n<\/style>\n  <\/div>\n\n\n\n     <\/div>\n\n     <div class=\"loading-spin dark large centered\"><\/div>\n\n     \t<\/div>\n\n\n<div class=\"is-divider divider clearfix\" ><\/div>\n\n\n\t\t<\/div>\n\t\t\t\t\t<\/div>\n\n\t\n\n<\/div>\n<div class=\"row\"  id=\"row-513522549\">\n\n\n\t<div id=\"col-943800022\" class=\"col small-12 large-12\"  >\n\t\t\t\t<div class=\"col-inner\"  >\n\t\t\t\n\t\t\t\n\n<div class=\"container section-title-container\" ><h3 class=\"section-title section-title-normal\"><b><\/b><span class=\"section-title-main\" >OM OSS<\/span><b><\/b><\/h3><\/div>\n\n<p>Om oss:<br \/><strong>Ed Bussresor AB<\/strong> bedriver skolk\u00f6rning i Lunds kommun med 3 bussar.\u00a0 Genom avtal med flera olika idrottsf\u00f6reningar, f\u00f6retag, kyrkor m.m. utf\u00f6r vi kontinuerliga rikst\u00e4ckande transporttj\u00e4nster.<br \/>Vi har budbilar tillg\u00e4ngliga dygnet runt alla dagar i veckan.<\/p>\n\n\t\t<\/div>\n\t\t\t\t\t<\/div>\n\n\t\n\n<\/div>\n\n\t\t<\/div>\n\n\t\t\n<style>\n#section_332863883 {\n  padding-top: 0px;\n  padding-bottom: 0px;\n}\n#section_332863883 .ux-shape-divider--top svg {\n  height: 150px;\n  --divider-top-width: 100%;\n}\n#section_332863883 .ux-shape-divider--bottom svg {\n  height: 150px;\n  --divider-width: 100%;\n}\n<\/style>\n\t<\/section>\n\t\n<div class=\"row\"  id=\"row-630214274\">\n\n\n\t<div id=\"col-1631454871\" class=\"col medium-6 small-12 large-6\"  >\n\t\t\t\t<div class=\"col-inner\"  >\n\t\t\t\n\t\t\t\n\n<p>ED Bussresor AB<br \/>Postadress: Kronetorpsgatan 98A <br \/>212 24 MALM\u00d6\u00a0<br \/>Bes\u00f6ksadress:<br \/>Oljev\u00e4gen 6 212 24 MALM\u00d6 <br \/>Org nr. 556777-4335 <br \/>Telefon: 040 12 11 11 <br \/><a href=\"mailto:info@ed-bussresor.se\">info@ed-bussresor.se<\/a><br \/><a href=\"https:\/\/ed-bussresor.se\">www.ed-bussresor.se<\/a><\/p>\n\n\t\t<\/div>\n\t\t\t\t\t<\/div>\n\n\t\n\n\t<div id=\"col-809866993\" class=\"col medium-6 small-12 large-6\"  >\n\t\t\t\t<div class=\"col-inner\"  >\n\t\t\t\n\t\t\t\n\n\t<div class=\"img has-hover x md-x lg-x y md-y lg-y\" id=\"image_1886308890\">\n\t\t\t\t\t\t\t\t<div class=\"img-inner dark\" >\n\t\t\t<img loading=\"lazy\" decoding=\"async\" width=\"687\" height=\"339\" src=\"https:\/\/ed-bussresor.se\/wp-content\/uploads\/2020\/01\/35526763_858645254338283_7362253653983363072_n-e1578332994580.jpg\" class=\"attachment-large size-large\" alt=\"\" srcset=\"https:\/\/ed-bussresor.se\/wp-content\/uploads\/2020\/01\/35526763_858645254338283_7362253653983363072_n-e1578332994580.jpg 687w, https:\/\/ed-bussresor.se\/wp-content\/uploads\/2020\/01\/35526763_858645254338283_7362253653983363072_n-e1578332994580-500x247.jpg 500w, https:\/\/ed-bussresor.se\/wp-content\/uploads\/2020\/01\/35526763_858645254338283_7362253653983363072_n-e1578332994580-300x148.jpg 300w\" sizes=\"auto, (max-width: 687px) 100vw, 687px\" \/>\t\t\t\t\t\t\n\t\t\t\t\t<\/div>\n\t\t\t\t\t\t\t\t\n<style>\n#image_1886308890 {\n  width: 100%;\n}\n<\/style>\n\t<\/div>\n\t\n\n\n\t\t<\/div>\n\t\t\t\t\t<\/div>\n\n\t\n\n<\/div>\n\t<div id=\"gap-1700164492\" class=\"gap-element clearfix\" style=\"display:block; height:auto;\">\n\t\t\n<style>\n#gap-1700164492 {\n  padding-top: 30px;\n}\n<\/style>\n\t<\/div>\n\t\n\n<div class=\"row\"  id=\"row-385812750\">\n\n\n\t<div id=\"col-1309070460\" class=\"col small-12 large-12\"  >\n\t\t\t\t<div class=\"col-inner\"  >\n\t\t\t\n\t\t\t\n\n\n\t\t<\/div>\n\t\t\t\t\t<\/div>\n\n\t\n\n<\/div>\n\n","protected":false},"excerpt":{"rendered":"","protected":false},"author":3,"featured_media":0,"parent":0,"menu_order":0,"comment_status":"closed","ping_status":"open","template":"page-blank.php","meta":{"footnotes":""},"class_list":["post-100","page","type-page","status-publish","hentry"],"_links":{"self":[{"href":"https:\/\/ed-bussresor.se\/index.php?rest_route=\/wp\/v2\/pages\/100","targetHints":{"allow":["GET"]}}],"collection":[{"href":"https:\/\/ed-bussresor.se\/index.php?rest_route=\/wp\/v2\/pages"}],"about":[{"href":"https:\/\/ed-bussresor.se\/index.php?rest_route=\/wp\/v2\/types\/page"}],"author":[{"embeddable":true,"href":"https:\/\/ed-bussresor.se\/index.php?rest_route=\/wp\/v2\/users\/3"}],"replies":[{"embeddable":true,"href":"https:\/\/ed-bussresor.se\/index.php?rest_route=%2Fwp%2Fv2%2Fcomments&post=100"}],"version-history":[{"count":0,"href":"https:\/\/ed-bussresor.se\/index.php?rest_route=\/wp\/v2\/pages\/100\/revisions"}],"wp:attachment":[{"href":"https:\/\/ed-bussresor.se\/index.php?rest_route=%2Fwp%2Fv2%2Fmedia&parent=100"}],"curies":[{"name":"wp","href":"https:\/\/api.w.org\/{rel}","templated":true}]}}